{"id":119,"date":"2020-03-31T11:30:37","date_gmt":"2020-03-31T09:30:37","guid":{"rendered":"https:\/\/blog.dieter-rossbach.com\/vx\/?page_id=119"},"modified":"2020-03-31T11:30:37","modified_gmt":"2020-03-31T09:30:37","slug":"anstehende-arbeiten-teile","status":"publish","type":"page","link":"https:\/\/blog.dieter-rossbach.com\/vx\/anstehende-arbeiten-teile\/","title":{"rendered":"Anstehende Arbeiten, Teile"},"content":{"rendered":"\n<p>Auf der Beifahrerseite hat sich eine Naht des Sitzpolsters gel\u00f6st<br> Das Dach muss hier und da am Gest\u00e4nge neu verklebt werden<br> Umr\u00fcstung auf eine Analoguhr in der Mittelkonsole.<br> Umbau der Ansteuerung der Fensterheber auf Elektronik. Damit vermeidet man den Kontaktabbrand in den Schaltern. Ein \u00e4hnliches Problem gibt es bei den Hauptscheinwerfern, das ich mit dem Einbau von Relais gel\u00f6st habe.<\/p>\n\n\n\n<p class=\"has-medium-font-size\"><strong>Mein Teilelager:<\/strong><\/p>\n\n\n\n<p>Ein kompletter Satz Speedline SL015 -R\u00e4der in Originalverpackung<br>\nEinen neuen Motorblock<br>\nNeue Bremsscheiben vorne<br>\nEinen Zahnriemen f\u00fcr den Antrieb des Kompressors<br>\nEine neue VDO-Analoguhr mit Einbaurahmen<br>\nEin Ladedruck-Anzeigeinstrument<br>\nEine Mittelkonsole f\u00fcr einen SpiderEuropa ie, die f\u00fcr die Aufnahme des Ladedruckinstruments und der Analoguhr umgebaut werden muss <br>\nEine Nachr\u00fcst-Elektronikbox zur Ansteuerung der Fensterheber<\/p>\n","protected":false},"excerpt":{"rendered":"<p>Auf der Beifahrerseite hat sich eine Naht des Sitzpolsters gel\u00f6st Das Dach muss hier und da am Gest\u00e4nge neu verklebt werden Umr\u00fcstung auf eine Analoguhr in der Mittelkonsole. Umbau der Ansteuerung der Fensterheber auf Elektronik. Damit vermeidet man den Kontaktabbrand &hellip; <a href=\"https:\/\/blog.dieter-rossbach.com\/vx\/anstehende-arbeiten-teile\/\">Weiterlesen <span class=\"meta-nav\">&rarr;<\/span><\/a><\/p>\n","protected":false},"author":1,"featured_media":0,"parent":0,"menu_order":0,"comment_status":"closed","ping_status":"closed","template":"","meta":{"footnotes":""},"class_list":["post-119","page","type-page","status-publish","hentry"],"_links":{"self":[{"href":"https:\/\/blog.dieter-rossbach.com\/vx\/wp-json\/wp\/v2\/pages\/119","targetHints":{"allow":["GET"]}}],"collection":[{"href":"https:\/\/blog.dieter-rossbach.com\/vx\/wp-json\/wp\/v2\/pages"}],"about":[{"href":"https:\/\/blog.dieter-rossbach.com\/vx\/wp-json\/wp\/v2\/types\/page"}],"author":[{"embeddable":true,"href":"https:\/\/blog.dieter-rossbach.com\/vx\/wp-json\/wp\/v2\/users\/1"}],"replies":[{"embeddable":true,"href":"https:\/\/blog.dieter-rossbach.com\/vx\/wp-json\/wp\/v2\/comments?post=119"}],"version-history":[{"count":7,"href":"https:\/\/blog.dieter-rossbach.com\/vx\/wp-json\/wp\/v2\/pages\/119\/revisions"}],"predecessor-version":[{"id":126,"href":"https:\/\/blog.dieter-rossbach.com\/vx\/wp-json\/wp\/v2\/pages\/119\/revisions\/126"}],"wp:attachment":[{"href":"https:\/\/blog.dieter-rossbach.com\/vx\/wp-json\/wp\/v2\/media?parent=119"}],"curies":[{"name":"wp","href":"https:\/\/api.w.org\/{rel}","templated":true}]}}